{"id":1098,"date":"2022-08-17T12:37:14","date_gmt":"2022-08-17T12:37:14","guid":{"rendered":"https:\/\/wp-qwtrust-prod.azurewebsites.net\/?page_id=1098"},"modified":"2023-12-13T20:43:43","modified_gmt":"2023-12-14T00:43:43","slug":"terms-and-conditions","status":"publish","type":"page","link":"https:\/\/qwetrust.com\/es\/terms-and-conditions\/","title":{"rendered":"T\u00e9rminos y Condiciones"},"content":{"rendered":"<div data-elementor-type=\"wp-page\" data-elementor-id=\"1098\" class=\"elementor elementor-1098\">\n\t\t\t\t\t\t<section class=\"has_eae_slider elementor-section elementor-top-section elementor-element elementor-element-4bfe6aa elementor-section-boxed elementor-section-height-default elementor-section-height-default\" data-id=\"4bfe6aa\" data-element_type=\"section\" data-settings=\"{&quot;background_background&quot;:&quot;classic&quot;}\">\n\t\t\t\t\t\t<div class=\"elementor-container elementor-column-gap-default\">\n\t\t\t\t\t<div class=\"has_eae_slider elementor-column elementor-col-100 elementor-top-column elementor-element elementor-element-a83178f\" data-id=\"a83178f\" data-element_type=\"column\">\n\t\t\t<div class=\"elementor-widget-wrap elementor-element-populated\">\n\t\t\t\t\t\t\t<\/div>\n\t\t<\/div>\n\t\t\t\t\t<\/div>\n\t\t<\/section>\n\t\t\t\t<section class=\"has_eae_slider elementor-section elementor-top-section elementor-element elementor-element-c8dc4b3 elementor-section-boxed elementor-section-height-default elementor-section-height-default\" data-id=\"c8dc4b3\" data-element_type=\"section\">\n\t\t\t\t\t\t<div class=\"elementor-container elementor-column-gap-default\">\n\t\t\t\t\t<div class=\"has_eae_slider elementor-column elementor-col-100 elementor-top-column elementor-element elementor-element-67afd7c\" data-id=\"67afd7c\" data-element_type=\"column\">\n\t\t\t<div class=\"elementor-widget-wrap elementor-element-populated\">\n\t\t\t\t\t\t<div class=\"elementor-element elementor-element-540400e elementor-widget elementor-widget-text-editor\" data-id=\"540400e\" data-element_type=\"widget\" data-widget_type=\"text-editor.default\">\n\t\t\t\t<div class=\"elementor-widget-container\">\n\t\t\t\t\t\t\t\t\t<h2 style=\"text-align: center;\"><strong>T\u00e9rminos y condiciones de acceso y uso para la aplicaci\u00f3n <\/strong><a href=\"http:\/\/www.turnospr.com\"><strong>www.turnospr.com<\/strong><\/a><strong> &amp; <\/strong><a href=\"https:\/\/qwetrust.com\/es\/\"><strong>www.qwetrust.com<\/strong><\/a> <strong>\u00a0version 1.0<\/strong><\/h2><div><h5><span id=\"MainContent_ucTerms_lblContent\">Contenido:<\/span><\/h5><p style=\"text-align: justify;\">Este documento establece los t\u00e9rminos y condiciones generales (los \u201cT\u00e9rminos y Condiciones\u201d) aplicables al acceso y uso de los servicios ofrecidos para la aplicaci\u00f3n <a href=\"http:\/\/www.turnospr.com\">www.turnospr.com<\/a> y <a href=\"https:\/\/qwetrust.com\/es\/\">www.qwetrust.com<\/a> (la \u201cAplicaci\u00f3n\u201d). Por el solo hecho de ingresar a la aplicaci\u00f3n, los T\u00e9rminos y Condiciones aqu\u00ed dispuestos quedar\u00e1n autom\u00e1ticamente aceptados por Usted (indistintamente \u201cUsted\u201d o el \u201cUsuario \u201c). En consecuencia, si Usted no est\u00e1 de acuerdo con los presentes T\u00e9rminos y Condiciones, los cuales poseen car\u00e1cter obligatorio y vinculante, deber\u00e1 abstenerse de acceder a turnospr.com o a qwetrust.com y utilizar sus servicios.<\/p><p style=\"text-align: justify;\">Todo texto, informaci\u00f3n, datos, fotograf\u00edas, gr\u00e1ficos, c\u00f3digo HTML, software inform\u00e1tico, c\u00f3digo fuente y c\u00f3digo objeto, muestras de audio y video, marcas y logotipos, y similares (en adelante el \u201cContenido\u201d) que aparezcan en este sitio web, servicios de dispositivos m\u00f3viles o aplicaciones de dispositivos m\u00f3viles (en conjunto \u201cAplicaci\u00f3n\u201d) pertenecen a Turnos Media LLC y <a href=\"http:\/\/www.turnospr.com\">www.turnospr.com<\/a> y <a href=\"https:\/\/qwetrust.com\/es\/\">www.qwetrust.com<\/a> \u00a0con la direcci\u00f3n PBM 233, 35 Calle Juan Borb\u00f3n, Guaynabo, PR 00969, con correo electr\u00f3nico <a href=\"mailto:info@turnosmedia.com\">info@turnosmedia.com<\/a> y n\u00famero telef\u00f3nico 787-399-0998.<\/p><p style=\"text-align: justify;\">Los Usuarios solo pueden utilizar el contenido en un dispositivo m\u00f3vil (por ejemplo, Apple iPhone o iPad, dispositivo Android o dispositivo m\u00f3vil con Microsoft Windows) que posean o controlen, y solamente por motivos personales, internos y sin fines comerciales. Ning\u00fan otro uso del contenido, incluyendo, entre otras, cualquier clase de reedici\u00f3n del mismo, est\u00e1 permitido sin previa autorizaci\u00f3n por escrito otorgada por Turnos Media LLC o <a href=\"http:\/\/www.turnospr.com\">www.turnospr.com<\/a> o <a href=\"https:\/\/qwetrust.com\/es\/\">www.qwetrust.com<\/a> \u00a0Todo Usuario que haya violado comprobadamente la propiedad intelectual de un tercero mediante la retransmisi\u00f3n o publicaci\u00f3n de material vinculado con esta Aplicaci\u00f3n que infrinja los derechos de autor u otros derechos legales de dicho tercero ser\u00e1 excluido de esta Aplicaci\u00f3n.<\/p><p style=\"text-align: justify;\">Todas las marcas registradas utilizadas en esta Aplicaci\u00f3n son propiedad de Turnos Media LLC o, en unos pocos casos, utilizadas con la autorizaci\u00f3n de sus respectivos titulares. Ning\u00fan tercero puede utilizar ni reproducir ninguna marca registrada que incluya, entre otros, logotipos y dominios de Internet que utilicen las marcas registradas Turnos Media LLC y <a href=\"http:\/\/www.turnospr.com\">www.turnospr.com<\/a> o <a href=\"https:\/\/qwetrust.com\/es\/\">www.qwetrust.com<\/a> (ya sea que se usen o no con letras may\u00fasculas o espacios) sin el previo consentimiento por escrito de la Turnos Media LLC y <a href=\"http:\/\/www.turnospr.com\">www.turnospr.com<\/a> o <a href=\"https:\/\/qwetrust.com\/es\/\">www.qwetrust.com<\/a> o del propietario de la marca registrada.<\/p><p style=\"text-align: justify;\">Aparte del derecho de uso no exclusivo, no sub licenciable, intransferible, personal y limitado de los Usuarios tal como se especifica en la presente, no se confiere ning\u00fan derecho a dicho contenido ni a porciones del mismo, sin importar la forma en que aparezca, mediante su inclusi\u00f3n en esta Aplicaci\u00f3n o mediante el acceso al mismo por parte del Usuario. La Compa\u00f1\u00eda ser\u00e1 responsable de todo mantenimiento o soporte t\u00e9cnico de la Aplicaci\u00f3n; ning\u00fan Tercero (como se define en el presente documento) ser\u00e1 responsable de brindar servicios de mantenimiento o soporte t\u00e9cnico para la Aplicaci\u00f3n.<\/p><p style=\"text-align: justify;\"><strong>Uso<\/strong><\/p><p style=\"text-align: justify;\">Al usar, acceder, descargar, instalar, obtener o brindar informaci\u00f3n desde y hacia esta Aplicaci\u00f3n, se considerar\u00e1 que los Usuarios han le\u00eddo y aceptado estos<\/p><p style=\"text-align: justify;\"><strong>T\u00e9rminos y Condiciones.<br \/><\/strong><\/p><p style=\"text-align: justify;\">Los Usuarios deben suspender el uso de esta Aplicaci\u00f3n inmediatamente si no est\u00e1n de acuerdo o no aceptan todos estos T\u00e9rminos y Condiciones. La Compa\u00f1\u00eda se reserva el derecho de eliminar o prohibir a cualquier Usuario la utilizaci\u00f3n de esta Aplicaci\u00f3n a su sola discreci\u00f3n.<\/p><p style=\"text-align: justify;\"><strong>Informaci\u00f3n<\/strong><\/p><p style=\"text-align: justify;\">Al Usted enviar o proveer informaci\u00f3n a trav\u00e9s de nuestra aplicaci\u00f3n nosotros podemos almacenar sus siguientes datos: nombre, apellido, n\u00famero de su aparato m\u00f3vil o n\u00famero de tel\u00e9fono, correo electr\u00f3nico, y cualquier informaci\u00f3n que usted nos haya brindado. Tambi\u00e9n, podr\u00edamos almacenar su direcci\u00f3n IP, informaci\u00f3n sobre su navegador de Internet, y recopilar informaci\u00f3n sobre su actividad en nuestra p\u00e1gina.<\/p><p style=\"text-align: justify;\">Su informaci\u00f3n se comparte con empresas y terceros comerciantes:<\/p><p style=\"text-align: justify;\">La aplicaci\u00f3n, adem\u00e1s del servicio de facilitarle manejar su tiempo al seguir su turno remotamente cuando visite alguna oficina, tambi\u00e9n se ofrecen servicios o productos para fines publicitarios, de otras empresas (los \u201cPROVEEDORES\u201c e individualmente el \u201cPROVEEDOR\u201c). Los PROVEEDORES son los \u00fanicos y exclusivos responsables de los servicios y productos indicados en los mismos, y adem\u00e1s son quienes exclusivamente realizan esas prestaciones con arreglo a sus respectivas Condiciones Generales de Contrataci\u00f3n. Turnos Media, LLC., podr\u00e1 usar su correo electr\u00f3nico y\/o n\u00famero de tel\u00e9fono celular para enviarle promociones publicitarias y a su a vez compartirlos con terceros comerciantes. Las promociones publicitarias podr\u00edan ser a trav\u00e9s de correos electr\u00f3nicos, mensajes de textos o llamadas telef\u00f3nicas. Al usuario registrar su informaci\u00f3n de correo electr\u00f3nico y n\u00famero de tel\u00e9fono est\u00e1 accediendo al recibi\u00f3 de correos electr\u00f3nicos, al recibo del mensaje de texto y llamadas de voz comerciales y\/o promocionales. YO CONSIENTO EN RECIBIR MENSAJES DE CORREO ELECTRONICOS, MENSAJES DE TEXTO, Y\/O LLAMADAS DE VOZ SOBRE PUBLICIDAD DE PARTE DE TURNOS MEDIA LLC Y\/O UN TERCERO AUTORIZADO POR TURNOS MEDIA LLC AL CORREO ELECTRONICO Y\/O NUMERO DE TELEFONO VOLUNTARIAMENTE PROVISTO POR MI. ENTIENDO QUE ESTE CONSENTIMIENTO NO ES UNA CONDICION DE COMPRA.<\/p><p style=\"text-align: justify;\"><a href=\"http:\/\/WWW.TURNOSPR.COM\">WWW.TURNOSPR.COM<\/a> y <a href=\"http:\/\/WWW.QWETRUST.COM\">WWW.QWETRUST.COM<\/a> solo otorga un espacio para que los PROVEEDORES publiciten, promocionen y comercialicen sus servicios y ofertas por ellos prestados o productos por ellos comercializados. <a href=\"http:\/\/WWW.TURNOSPR.COM\">WWW.TURNOSPR.COM<\/a> o <a href=\"http:\/\/WWW.QWETRUST.COM\">WWW.QWETRUST.COM<\/a> no es el propietario ni tiene la posesi\u00f3n de los productos ni presta los servicios promocionados en la aplicaci\u00f3n, ni ninguna garant\u00eda presta en relaci\u00f3n a los mismos.<\/p><p style=\"text-align: justify;\">Usted reconoce y acepta que ni Turnos Media LLC, ni <a href=\"http:\/\/WWW.TURNOSPR.COM\">WWW.TURNOSPR.COM<\/a> ni <a href=\"http:\/\/WWW.QWETRUST.COM\">WWW.QWETRUST.COM<\/a> no asumen obligaci\u00f3n ni responsabilidad alguna en relaci\u00f3n a los productos y servicios objeto y que toda obligaci\u00f3n relativa a los mismos es de exclusiva responsabilidad de los respectivos PROVEEDORES.<\/p><p style=\"text-align: justify;\">El PROVEEDOR respectivo realiza la prestaci\u00f3n del servicio o la venta del producto en nombre propio y por cuenta propia frente al Usuario, por lo que Turnos Media LLC y <a href=\"http:\/\/WWW.TURNOSPR.COM\">WWW.TURNOSPR.COM<\/a> y <a href=\"http:\/\/WWW.QWETRUST.COM\">WWW.QWETRUST.COM<\/a> no responden, frente al Usuario ni frente a ning\u00fan tercero, por el incumplimiento de obligaciones del PROVEEDOR.<\/p><p style=\"text-align: justify;\">En caso de que el PROVEEDOR hubiera fijado sus propios t\u00e9rminos y condiciones para los productos y servicios ofrecidos en este Sitio, ellos aparecer\u00e1n en este Sitio se\u00f1alados con un link o mencionados como parte de la promoci\u00f3n de sus ofertas y promociones. Dichas condiciones tambi\u00e9n ser\u00e1n vinculantes y obligatorias para el Usuario. Turnos Media LLC, ni <a href=\"http:\/\/WWW.TURNOSPR.COM\">WWW.TURNOSPR.COM<\/a> ni <a href=\"http:\/\/WWW.QWETRUST.COM\">WWW.QWETRUST.COM<\/a> no asumen ninguna responsabilidad que se derive de cualquier da\u00f1o o perjuicio, ya sea directo o indirecto, relacionado con el acceso o utilizaci\u00f3n del Sitio. Tampoco ser\u00e1s responsables Turnos Media LLC, ni <a href=\"http:\/\/WWW.TURNOSPR.COM\">WWW.TURNOSPR.COM<\/a> ni <a href=\"http:\/\/WWW.QWETRUST.COM\">WWW.QWETRUST.COM<\/a> de los da\u00f1os provocados por virus que infecten el sistema o computadora del Usuario, ni por el mal uso que se realice a las aplicaciones o de los contenidos del Sitio, recay\u00e9ndose exclusivamente la responsabilidad en aquel Usuario que haya realizado el mal uso.<\/p><p style=\"text-align: justify;\">Ni la empresa Turnos Media LLC, ni <a href=\"http:\/\/WWW.TURNOSPR.COM\">WWW.TURNOSPR.COM<\/a> ni <a href=\"http:\/\/WWW.QWETRUST.COM\">WWW.QWETRUST.COM<\/a> no se responsabilizan por la informaci\u00f3n contenida en el Sitio de terceros a los que se pueda acceder a trav\u00e9s de enlaces (links), o por la informaci\u00f3n contenida en el Sitio de terceros vinculada de alg\u00fan modo a este Sitio, ni por el intercambio de informaci\u00f3n entre Usuarios a trav\u00e9s del Sitio.<\/p><p style=\"text-align: justify;\">Turnos Media LLC y <a href=\"http:\/\/WWW.TURNOSPR.COM\">WWW.TURNOSPR.COM<\/a> y <a href=\"http:\/\/WWW.QWETRUST.COM\">WWW.QWETRUST.COM<\/a> \u00a0se reservan el derecho a denegar o retirar el acceso al Sitio, en cualquier momento y sin necesidad de preaviso, por iniciativa propia o a instancia de un tercero, a aquellos Usuarios que violen la ley o que incumplan las presentes T\u00e9rminos y Condiciones Generales o bien vulneren los derechos existentes sobre los contenidos, productos y\/o servicios del Sitio. Las descripciones de los servicios y\/o productos promocionados en el Sitio, se realiza en base a la informaci\u00f3n brindada por los PROVEEDORES. Las fotograf\u00edas, im\u00e1genes y\/o videos relativos a los servicios y\/o productos son ilustrativos.<\/p><p style=\"text-align: justify;\"><strong>Derecho de Revocaci\u00f3n y de Exclusi\u00f3n Voluntaria.<\/strong><\/p><p style=\"text-align: justify;\">Conforme a las normas de la Federal Communications Commission (FCC), los mensajes comerciales por correo electr\u00f3nico o texto pueden enviarse si ha dado su autorizaci\u00f3n expresa. Usted, tendr\u00e1 la facultad de revocar su autorizaci\u00f3n para el uso de su informaci\u00f3n y no recibir mensajes de correo electr\u00f3nico y\/o de texto por parte de <a href=\"http:\/\/www.turnospr.com\">www.turnospr.com<\/a> o <a href=\"https:\/\/qwetrust.com\/es\/\">www.qwetrust.com<\/a> \u00a0dentro del plazo de diez (10) d\u00edas, sin necesidad de indicar las causas, comunic\u00e1ndolo por escrito (ej. carta o correo electr\u00f3nico) al siguiente correo electr\u00f3nico info@turnosmedia.com o a trav\u00e9s del enlace en la parte de abajo del mensaje de correo electr\u00f3nico.<\/p><p style=\"text-align: justify;\"><strong>Exoneraci\u00f3n y Relevo de Responsabilidad:<\/strong><\/p><p style=\"text-align: justify;\">Los Usuarios liberaran de toda responsabilidad y exoneraran a Turnos Media LLC y <a href=\"http:\/\/www.turnospr.com\">www.turnospr.com<\/a> y <a href=\"https:\/\/qwetrust.com\/es\/\">www.qwetrust.com<\/a> de todo reclamo, demanda, responsabilidad civil, causa legal, querella o danos y perjuicios (incluidos los honorarios y los gastos razonables de abogados) que surjan como consecuencia del uso que dichos Usuarios hagan de la Aplicaci\u00f3n (incluidos nuestros productos, servicios y Contenido), incluyendo, entre otros, la informaci\u00f3n, contenido o entrega incorrectos de la Aplicaci\u00f3n, o de los productos y servicios de <a href=\"http:\/\/www.turnospr.com\">www.turnospr.com<\/a> o <a href=\"https:\/\/qwetrust.com\/es\/\">www.qwetrust.com<\/a> o de terceros. La Compa\u00f1\u00eda se reserva el derecho, por cuenta propia, de asumir la defensa y el control exclusivos de cualquier asunto sujeto a exoneraci\u00f3n por parte de los Usuarios, pero el hacerlo no exime a los Usuarios de sus obligaciones de exoneraci\u00f3n.<\/p><p style=\"text-align: justify;\"><strong>Derecho Propietario:<\/strong><\/p><p style=\"text-align: justify;\">Las marcas, nombres comerciales, im\u00e1genes, fotograf\u00edas, videos, dibujos, dise\u00f1os, logos, textos etc. que aparecen publicados en la aplicaci\u00f3n y en el sitio web de www.turnospr.com, como as\u00ed tambi\u00e9n los programas, \u201csoftware\u201d, base de datos, archivos, etc. son de propiedad exclusiva de Turnos Media LLC y <a href=\"http:\/\/WWW.TURNOSPR.COM\">WWW.TURNOSPR.COM<\/a> y <a href=\"http:\/\/WWW.QWETRUST.COM\">WWW.QWETRUST.COM<\/a> o de terceros que ha autorizado a Turnos Media LLC y <a href=\"http:\/\/WWW.TURNOSPR.COM\">WWW.TURNOSPR.COM<\/a> y <a href=\"http:\/\/WWW.QWETRUST.COM\">WWW.QWETRUST.COM<\/a> a utilizar y\/o publicar los mismos. Queda expresamente prohibido cualquier uso, explotaci\u00f3n, distribuci\u00f3n, publicaci\u00f3n, transmisi\u00f3n y\/o copia sin la previa y expresa autorizaci\u00f3n por escrito de Turnos Media LLC y <a href=\"http:\/\/WWW.TURNOSPR.COM\">WWW.TURNOSPR.COM<\/a> y <a href=\"http:\/\/WWW.QWETRUST.COM\">WWW.QWETRUST.COM<\/a> de sus respectivos propietarios. El dise\u00f1o y contenido de esta aplicaci\u00f3n pertenece en forma exclusiva a Turnos Media LLC y a <a href=\"http:\/\/WWW.TURNOSPR.COM\">WWW.TURNOSPR.COM<\/a> y <a href=\"http:\/\/WWW.QWETRUST.COM\">WWW.QWETRUST.COM<\/a> y se encuentra protegido por la Ley de Propiedad Intelectual, estando expresamente prohibido a los Usuarios y terceros modificar, copiar, distribuir, transmitir, publicar, editar, reproducir, explotar de cualquier modo, y a trav\u00e9s de cualquier medio, cualquiera sea el fin. Quien violare lo aqu\u00ed dispuesto ser\u00e1 responsable de las acciones civiles correspondientes.<\/p><p style=\"text-align: justify;\"><strong>Terceros<\/strong><\/p><p style=\"text-align: justify;\">Los prestadores de servicio de telefon\u00eda inal\u00e1mbrica de los Usuarios, los fabricantes y vendedores de los aparatos m\u00f3viles en los que el Usuario descargue, instale, utilice o acceda a la Aplicaci\u00f3n, el creador del sistema operativo para los aparatos m\u00f3viles de los Usuarios y el operador de cualquier tienda de aplicaciones o servicios similares mediante los cuales los usuarios obtengan la Aplicaci\u00f3n, si existieran, (en conjunto, los \u201cTerceros\u201d) no son parte de estos T\u00e9rminos y Condiciones y no son propietarios ni responsables de la Aplicaci\u00f3n. Los Terceros no brindan ninguna garant\u00eda en relaci\u00f3n con la Aplicaci\u00f3n. No son responsables del mantenimiento u otros servicios de soporte t\u00e9cnico de la Aplicaci\u00f3n y no ser\u00e1n responsables ante ning\u00fan otro reclamo, perdidas, imputaci\u00f3n de responsabilidades, danos y perjuicios, costos o gastos vinculados con la Aplicaci\u00f3n.<\/p><p style=\"text-align: justify;\">La Aplicaci\u00f3n fue creada para la versi\u00f3n m\u00e1s reciente disponible en el mercado de los sistemas operativos de los dispositivos m\u00f3viles de los Usuarios y pueden surgir inconvenientes de compatibilidad cuando se utilicen versiones anteriores. La cobertura de la red inal\u00e1mbrica y la velocidad de la red de Wi-Fi var\u00edan seg\u00fan el proveedor y la ubicaci\u00f3n geogr\u00e1fica. Turnos Media LLC y <a href=\"http:\/\/WWW.TURNOSPR.COM\">WWW.TURNOSPR.COM<\/a> y <a href=\"http:\/\/WWW.QWETRUST.COM\">WWW.QWETRUST.COM<\/a> no se responsabiliza por las limitaciones y\/o fallas en el funcionamiento de ning\u00fan servicio inal\u00e1mbrico o W-FI que se use para acceder a esta Aplicaci\u00f3n ni por la seguridad de los servicios inal\u00e1mbricos o W-Fi. Asimismo, no se responsabiliza de los cargos o tarifas por uso de redes de datos, que son exclusiva responsabilidad del Usuario.<\/p><p style=\"text-align: justify;\"><strong>Actividades ilegales:<\/strong><\/p><p style=\"text-align: justify;\">No est\u00e1 permitido ning\u00fan acto, ya sea a trav\u00e9s de un software u otro medio, tendiente a interferir tanto en las actividades y operatoria de Turnos Media LLC y <a href=\"http:\/\/WWW.TURNOSPR.COM\">WWW.TURNOSPR.COM<\/a> y <a href=\"http:\/\/WWW.QWETRUST.COM\">WWW.QWETRUST.COM<\/a> como en las ofertas, descripciones, cuentas o bases de datos de la misma.<\/p><p style=\"text-align: justify;\"><strong>Advertencia al Usuario:<\/strong><\/p><p style=\"text-align: justify;\">Turnos Media LLC y <a href=\"http:\/\/WWW.TURNOSPR.COM\">WWW.TURNOSPR.COM<\/a> y <a href=\"http:\/\/WWW.QWETRUST.COM\">WWW.QWETRUST.COM<\/a> se reserva el derecho de rechazar cualquier solicitud de registro o de cancelar un registro previamente aceptado, sin tener que comunicar o exponer las razones de su decisi\u00f3n y sin que ello genere alg\u00fan derecho al Usuario de indemnizaci\u00f3n o resarcimiento.<\/p><p style=\"text-align: justify;\">Si el Usuario violare cualquiera de los T\u00e9rminos y Condiciones se har\u00e1 responsable de las acciones penales y civiles que pudieran corresponder.<\/p><p style=\"text-align: justify;\">En caso de que cualquiera de las disposiciones de estos T\u00e9rminos y Condiciones Generales de Uso del Sitio fueran consideradas nulas o inv\u00e1lidas ya sea en forma total o parcial, ello no afectara a la validez del resto de las previsiones incluidas en los presentes T\u00e9rminos y Condiciones.<\/p><p style=\"text-align: justify;\">Env\u00ede un mensaje si tiene alguna pregunta sobre estos t\u00e9rminos y condiciones:<\/p><p style=\"text-align: justify;\">Estas condiciones de uso podr\u00e1n ser consultadas, impresas o grabadas localmente en cualquier momento bajo: <a href=\"https:\/\/qwetrust.com\/es\/condiciones\/\">https:\/\/qwetrust.com\/condiciones<\/a><\/p><p style=\"text-align: justify;\"><strong>Jurisdicci\u00f3n:<\/strong><\/p><p style=\"text-align: justify;\">Los presentes T\u00e9rminos y Condiciones se rigen por las leyes del Estado Libre Asociado y cualquier reglamentaci\u00f3n federal que pudiere aplicar. Los Usuarios acuerdan someterse a la jurisdicci\u00f3n del Tribunal Superior de Puerto Rico o el Tribunal de Distrito Federal, renunciando en forma expresa a cualquier otra jurisdicci\u00f3n que pudiera corresponderles.<\/p><\/div>\t\t\t\t\t\t\t\t<\/div>\n\t\t\t\t<\/div>\n\t\t\t\t\t<\/div>\n\t\t<\/div>\n\t\t\t\t\t<\/div>\n\t\t<\/section>\n\t\t\t\t<\/div>","protected":false},"excerpt":{"rendered":"<p>Terms and conditions of access and use for the application www.turnospr.com &amp; www.qwetrust.com \u00a0version 1.0 Content: This document sets forth the general terms and conditions (the &#8220;Terms and Conditions&#8221;) applicable to the access and use of the services offered for the application www.turnospr.com and www.qwetrust.com (the &#8220;Application&#8221;). By the sole fact of accessing the Application, [&hellip;]<\/p>","protected":false},"author":1,"featured_media":0,"parent":0,"menu_order":0,"comment_status":"closed","ping_status":"closed","template":"","meta":{"_acf_changed":false,"footnotes":""},"class_list":["post-1098","page","type-page","status-publish","hentry"],"acf":[],"_links":{"self":[{"href":"https:\/\/qwetrust.com\/es\/wp-json\/wp\/v2\/pages\/1098","targetHints":{"allow":["GET"]}}],"collection":[{"href":"https:\/\/qwetrust.com\/es\/wp-json\/wp\/v2\/pages"}],"about":[{"href":"https:\/\/qwetrust.com\/es\/wp-json\/wp\/v2\/types\/page"}],"author":[{"embeddable":true,"href":"https:\/\/qwetrust.com\/es\/wp-json\/wp\/v2\/users\/1"}],"replies":[{"embeddable":true,"href":"https:\/\/qwetrust.com\/es\/wp-json\/wp\/v2\/comments?post=1098"}],"version-history":[{"count":21,"href":"https:\/\/qwetrust.com\/es\/wp-json\/wp\/v2\/pages\/1098\/revisions"}],"predecessor-version":[{"id":3532,"href":"https:\/\/qwetrust.com\/es\/wp-json\/wp\/v2\/pages\/1098\/revisions\/3532"}],"wp:attachment":[{"href":"https:\/\/qwetrust.com\/es\/wp-json\/wp\/v2\/media?parent=1098"}],"curies":[{"name":"wp","href":"https:\/\/api.w.org\/{rel}","templated":true}]}}