{"id":1724,"date":"2022-11-09T14:28:07","date_gmt":"2022-11-09T18:28:07","guid":{"rendered":"https:\/\/wp-qwtrust-prod.azurewebsites.net\/?page_id=1724"},"modified":"2023-12-18T07:55:17","modified_gmt":"2023-12-18T11:55:17","slug":"kiosk-system","status":"publish","type":"page","link":"https:\/\/qwetrust.com\/es\/kiosk-system\/","title":{"rendered":"Sistema de Kiosko"},"content":{"rendered":"<div data-elementor-type=\"wp-page\" data-elementor-id=\"1724\" class=\"elementor elementor-1724\">\n\t\t\t\t\t\t<section class=\"has_eae_slider elementor-section elementor-top-section elementor-element elementor-element-408fe301 elementor-section-boxed elementor-section-height-default elementor-section-height-default\" data-id=\"408fe301\" data-element_type=\"section\" data-settings=\"{&quot;background_background&quot;:&quot;classic&quot;}\">\n\t\t\t\t\t\t<div class=\"elementor-container elementor-column-gap-default\">\n\t\t\t\t\t<div class=\"has_eae_slider elementor-column elementor-col-100 elementor-top-column elementor-element elementor-element-527955d6\" data-id=\"527955d6\" data-element_type=\"column\">\n\t\t\t<div class=\"elementor-widget-wrap elementor-element-populated\">\n\t\t\t\t\t\t<section class=\"has_eae_slider elementor-section elementor-inner-section elementor-element elementor-element-40225887 elementor-section-boxed elementor-section-height-default elementor-section-height-default\" data-id=\"40225887\" data-element_type=\"section\">\n\t\t\t\t\t\t<div class=\"elementor-container elementor-column-gap-no\">\n\t\t\t\t\t<div class=\"has_eae_slider elementor-column elementor-col-50 elementor-inner-column elementor-element elementor-element-103ce91f\" data-id=\"103ce91f\" data-element_type=\"column\">\n\t\t\t<div class=\"elementor-widget-wrap elementor-element-populated\">\n\t\t\t\t\t\t<div class=\"elementor-element elementor-element-a3ed721 elementor-widget elementor-widget-button\" data-id=\"a3ed721\" data-element_type=\"widget\" data-widget_type=\"button.default\">\n\t\t\t\t<div class=\"elementor-widget-container\">\n\t\t\t\t\t\t\t\t\t<div class=\"elementor-button-wrapper\">\n\t\t\t\t\t<a class=\"elementor-button elementor-button-link elementor-size-sm\" href=\"#\">\n\t\t\t\t\t\t<span class=\"elementor-button-content-wrapper\">\n\t\t\t\t\t\t\t\t\t<span class=\"elementor-button-text\">Sistema de Kiosko<\/span>\n\t\t\t\t\t<\/span>\n\t\t\t\t\t<\/a>\n\t\t\t\t<\/div>\n\t\t\t\t\t\t\t\t<\/div>\n\t\t\t\t<\/div>\n\t\t\t\t<div class=\"elementor-element elementor-element-4981e736 elementor-widget elementor-widget-heading\" data-id=\"4981e736\" data-element_type=\"widget\" data-widget_type=\"heading.default\">\n\t\t\t\t<div class=\"elementor-widget-container\">\n\t\t\t\t\t<span class=\"elementor-heading-title elementor-size-default\">Libere al personal de registrar a sus clientes con nuestros Kioscos de auto registro<\/span>\t\t\t\t<\/div>\n\t\t\t\t<\/div>\n\t\t\t\t<div class=\"elementor-element elementor-element-7b9c73c elementor-widget elementor-widget-text-editor\" data-id=\"7b9c73c\" data-element_type=\"widget\" data-widget_type=\"text-editor.default\">\n\t\t\t\t<div class=\"elementor-widget-container\">\n\t\t\t\t\t\t\t\t\t<p>With Qwetrust your customers will be able to take the appointment for the service they need from their cell phone or from our self-check-in kiosks allowing your employees to use their time for other tasks.<\/p>\t\t\t\t\t\t\t\t<\/div>\n\t\t\t\t<\/div>\n\t\t\t\t\t<\/div>\n\t\t<\/div>\n\t\t\t\t<div class=\"has_eae_slider elementor-column elementor-col-50 elementor-inner-column elementor-element elementor-element-3ad61256\" data-id=\"3ad61256\" data-element_type=\"column\">\n\t\t\t<div class=\"elementor-widget-wrap elementor-element-populated\">\n\t\t\t\t\t\t<div class=\"elementor-element elementor-element-73a02b08 elementor-widget elementor-widget-image\" data-id=\"73a02b08\" data-element_type=\"widget\" data-widget_type=\"image.default\">\n\t\t\t\t<div class=\"elementor-widget-container\">\n\t\t\t\t\t\t\t\t\t\t\t\t\t\t\t<img fetchpriority=\"high\" decoding=\"async\" width=\"800\" height=\"589\" src=\"\/wp-content\/uploads\/2023\/12\/kiosko@2x.png\" class=\"attachment-large size-large wp-image-3573\" alt=\"\" srcset=\"\/wp-content\/uploads\/2023\/12\/kiosko@2x.png 1446w, \/wp-content\/uploads\/2023\/12\/kiosko@2x-300x221.png 300w, \/wp-content\/uploads\/2023\/12\/kiosko@2x-1024x753.png 1024w, \/wp-content\/uploads\/2023\/12\/kiosko@2x-768x565.png 768w, \/wp-content\/uploads\/2023\/12\/kiosko@2x-16x12.png 16w\" sizes=\"(max-width: 800px) 100vw, 800px\" \/>\t\t\t\t\t\t\t\t\t\t\t\t\t\t\t<\/div>\n\t\t\t\t<\/div>\n\t\t\t\t\t<\/div>\n\t\t<\/div>\n\t\t\t\t\t<\/div>\n\t\t<\/section>\n\t\t\t\t\t<\/div>\n\t\t<\/div>\n\t\t\t\t\t<\/div>\n\t\t<\/section>\n\t\t\t\t<section class=\"has_eae_slider elementor-section elementor-top-section elementor-element elementor-element-5eab20a elementor-reverse-tablet elementor-reverse-mobile elementor-section-boxed elementor-section-height-default elementor-section-height-default\" data-id=\"5eab20a\" data-element_type=\"section\" data-settings=\"{&quot;background_background&quot;:&quot;classic&quot;}\">\n\t\t\t\t\t\t<div class=\"elementor-container elementor-column-gap-default\">\n\t\t\t\t\t<div class=\"has_eae_slider elementor-column elementor-col-100 elementor-top-column elementor-element elementor-element-09321b5\" data-id=\"09321b5\" data-element_type=\"column\">\n\t\t\t<div class=\"elementor-widget-wrap elementor-element-populated\">\n\t\t\t\t\t\t<section class=\"has_eae_slider elementor-section elementor-inner-section elementor-element elementor-element-52f3f35 elementor-section-boxed elementor-section-height-default elementor-section-height-default\" data-id=\"52f3f35\" data-element_type=\"section\" data-settings=\"{&quot;background_background&quot;:&quot;classic&quot;}\">\n\t\t\t\t\t\t<div class=\"elementor-container elementor-column-gap-no\">\n\t\t\t\t\t<div class=\"has_eae_slider elementor-column elementor-col-50 elementor-inner-column elementor-element elementor-element-b3e3bdd\" data-id=\"b3e3bdd\" data-element_type=\"column\" data-settings=\"{&quot;background_background&quot;:&quot;classic&quot;}\">\n\t\t\t<div class=\"elementor-widget-wrap elementor-element-populated\">\n\t\t\t\t\t\t<div class=\"elementor-element elementor-element-60becb9 elementor-widget-divider--view-line elementor-widget elementor-widget-divider\" data-id=\"60becb9\" data-element_type=\"widget\" data-widget_type=\"divider.default\">\n\t\t\t\t<div class=\"elementor-widget-container\">\n\t\t\t\t\t\t\t<div class=\"elementor-divider\">\n\t\t\t<span class=\"elementor-divider-separator\">\n\t\t\t\t\t\t<\/span>\n\t\t<\/div>\n\t\t\t\t\t\t<\/div>\n\t\t\t\t<\/div>\n\t\t\t\t<div class=\"elementor-element elementor-element-82dd791 elementor-widget elementor-widget-heading\" data-id=\"82dd791\" data-element_type=\"widget\" data-widget_type=\"heading.default\">\n\t\t\t\t<div class=\"elementor-widget-container\">\n\t\t\t\t\t<h2 class=\"elementor-heading-title elementor-size-default\">Beneficios<\/h2>\t\t\t\t<\/div>\n\t\t\t\t<\/div>\n\t\t\t\t<div class=\"elementor-element elementor-element-77b3ea3 elementor-widget elementor-widget-text-editor\" data-id=\"77b3ea3\" data-element_type=\"widget\" data-widget_type=\"text-editor.default\">\n\t\t\t\t<div class=\"elementor-widget-container\">\n\t\t\t\t\t\t\t\t\t<ul><li>Permite que el cliente se autoregistre desde el kiosco.<\/li><li>El cliente tiene la opci\u00f3n de imprimir un boleto con su n\u00famero de turno.<\/li><li>Permite que el cliente registre su n\u00famero de celular y de esa forma recibe notificaciones por mensaje de texto de las llamadas de los Turnos.<\/li><\/ul>\t\t\t\t\t\t\t\t<\/div>\n\t\t\t\t<\/div>\n\t\t\t\t\t<\/div>\n\t\t<\/div>\n\t\t\t\t<div class=\"has_eae_slider elementor-column elementor-col-50 elementor-inner-column elementor-element elementor-element-0db75f6 elementor-hidden-tablet elementor-hidden-mobile\" data-id=\"0db75f6\" data-element_type=\"column\">\n\t\t\t<div class=\"elementor-widget-wrap elementor-element-populated\">\n\t\t\t\t\t\t<div class=\"elementor-element elementor-element-d223b44 elementor-widget__width-initial elementor-absolute elementor-widget elementor-widget-image\" data-id=\"d223b44\" data-element_type=\"widget\" data-settings=\"{&quot;_position&quot;:&quot;absolute&quot;}\" data-widget_type=\"image.default\">\n\t\t\t\t<div class=\"elementor-widget-container\">\n\t\t\t\t\t\t\t\t\t\t\t\t\t\t\t<img decoding=\"async\" width=\"800\" height=\"450\" src=\"\/wp-content\/uploads\/2022\/11\/iStock-1279609331-1024x576.jpg\" class=\"attachment-large size-large wp-image-2093\" alt=\"\" srcset=\"\/wp-content\/uploads\/2022\/11\/iStock-1279609331-1024x576.jpg 1024w, \/wp-content\/uploads\/2022\/11\/iStock-1279609331-300x169.jpg 300w, \/wp-content\/uploads\/2022\/11\/iStock-1279609331-768x432.jpg 768w, \/wp-content\/uploads\/2022\/11\/iStock-1279609331.jpg 1365w\" sizes=\"(max-width: 800px) 100vw, 800px\" \/>\t\t\t\t\t\t\t\t\t\t\t\t\t\t\t<\/div>\n\t\t\t\t<\/div>\n\t\t\t\t\t<\/div>\n\t\t<\/div>\n\t\t\t\t\t<\/div>\n\t\t<\/section>\n\t\t\t\t\t<\/div>\n\t\t<\/div>\n\t\t\t\t\t<\/div>\n\t\t<\/section>\n\t\t\t\t<section class=\"has_eae_slider elementor-section elementor-inner-section elementor-element elementor-element-10782ade elementor-section-content-space-between functional-box elementor-section-boxed elementor-section-height-default elementor-section-height-default\" data-id=\"10782ade\" data-element_type=\"section\">\n\t\t\t\t\t\t<div class=\"elementor-container elementor-column-gap-no\">\n\t\t\t\t\t<div class=\"has_eae_slider elementor-column elementor-col-100 elementor-inner-column elementor-element elementor-element-2cf7ba48\" data-id=\"2cf7ba48\" data-element_type=\"column\" data-settings=\"{&quot;background_background&quot;:&quot;classic&quot;}\">\n\t\t\t<div class=\"elementor-widget-wrap elementor-element-populated\">\n\t\t\t\t\t\t<div class=\"elementor-element elementor-element-864129d elementor-view-stacked elementor-shape-circle elementor-position-top elementor-mobile-position-top elementor-widget elementor-widget-icon-box\" data-id=\"864129d\" data-element_type=\"widget\" data-widget_type=\"icon-box.default\">\n\t\t\t\t<div class=\"elementor-widget-container\">\n\t\t\t\t\t\t\t<div class=\"elementor-icon-box-wrapper\">\n\n\t\t\t\t\t\t<div class=\"elementor-icon-box-icon\">\n\t\t\t\t<span  class=\"elementor-icon\">\n\t\t\t\t<svg xmlns=\"http:\/\/www.w3.org\/2000\/svg\" viewbox=\"0 0 512 512\"><defs><style>.fa-secondary{opacity:.4}<\/style><\/defs><path class=\"fa-primary\" d=\"M81.84 152.1C77.43 156.9 71.21 159.8 64.63 159.1C58.05 160.2 51.69 157.6 47.03 152.1L7.029 112.1C-2.343 103.6-2.343 88.4 7.029 79.03C16.4 69.66 31.6 69.66 40.97 79.03L63.08 101.1L118.2 39.94C127 30.09 142.2 29.29 152.1 38.16C161.9 47.03 162.7 62.2 153.8 72.06L81.84 152.1zM81.84 312.1C77.43 316.9 71.21 319.8 64.63 319.1C58.05 320.2 51.69 317.6 47.03 312.1L7.029 272.1C-2.343 263.6-2.343 248.4 7.029 239C16.4 229.7 31.6 229.7 40.97 239L63.08 261.1L118.2 199.9C127 190.1 142.2 189.3 152.1 198.2C161.9 207 162.7 222.2 153.8 232.1L81.84 312.1zM0 416C0 389.5 21.49 368 48 368C74.51 368 96 389.5 96 416C96 442.5 74.51 464 48 464C21.49 464 0 442.5 0 416z\"><\/path><path class=\"fa-secondary\" d=\"M192 384H480C497.7 384 512 398.3 512 416C512 433.7 497.7 448 480 448H192C174.3 448 160 433.7 160 416C160 398.3 174.3 384 192 384zM256 224H480C497.7 224 512 238.3 512 256C512 273.7 497.7 288 480 288H256C238.3 288 224 273.7 224 256C224 238.3 238.3 224 256 224zM256 128C238.3 128 224 113.7 224 96C224 78.33 238.3 64 256 64H480C497.7 64 512 78.33 512 96C512 113.7 497.7 128 480 128H256z\"><\/path><\/svg>\t\t\t\t<\/span>\n\t\t\t<\/div>\n\t\t\t\n\t\t\t\t\t\t<div class=\"elementor-icon-box-content\">\n\n\t\t\t\t\t\t\t\t\t<h3 class=\"elementor-icon-box-title\">\n\t\t\t\t\t\t<span  >\n\t\t\t\t\t\t\tFuncionalidades principales\t\t\t\t\t\t<\/span>\n\t\t\t\t\t<\/h3>\n\t\t\t\t\n\t\t\t\t\n\t\t\t<\/div>\n\t\t\t\n\t\t<\/div>\n\t\t\t\t\t\t<\/div>\n\t\t\t\t<\/div>\n\t\t\t\t<div class=\"elementor-element elementor-element-df8dd9b expanded-text elementor-widget elementor-widget-text-editor\" data-id=\"df8dd9b\" data-element_type=\"widget\" data-widget_type=\"text-editor.default\">\n\t\t\t\t<div class=\"elementor-widget-container\">\n\t\t\t\t\t\t\t\t\t<section class=\"has_eae_slider elementor-section elementor-inner-section elementor-element elementor-element-10782ade elementor-section-content-space-between functional-box elementor-section-boxed elementor-section-height-default elementor-section-height-default\" data-id=\"10782ade\" data-element_type=\"section\"><div class=\"elementor-container elementor-column-gap-no\"><div class=\"has_eae_slider elementor-column elementor-col-100 elementor-inner-column elementor-element elementor-element-2cf7ba48\" data-id=\"2cf7ba48\" data-element_type=\"column\" data-settings=\"{&quot;background_background&quot;:&quot;classic&quot;}\"><div class=\"elementor-widget-wrap elementor-element-populated\"><div class=\"elementor-element elementor-element-df8dd9b expanded-text elementor-widget elementor-widget-text-editor\" data-id=\"df8dd9b\" data-element_type=\"widget\" data-widget_type=\"text-editor.default\"><div class=\"elementor-widget-container\"><p>A trav\u00e9s del Kiosco F\u00edsico o el Celular puedes confirmar la llegada a la facilidad del cliente.<\/p><p>Se hacen validaciones de geolocalizaci\u00f3n y cumplimiento con la hora de la cita.<\/p><p>Permite definir el margen de tolerancia para poder hacer check in antes de la hora de cita.<\/p><p>A trav\u00e9s de varios pasos ubica al ciudadano en la fila correspondiente.<\/p><p>Permite la detenci\u00f3n del tipo de cliente para asignarle alguna prioridad si fuera necesario.<\/p><p>Permite el seguimiento del turno a trav\u00e9s del celular d\u00e1ndole visualizaci\u00f3n al ciudadano y permiti\u00e9ndole moverse mientras espera de la sala de espera.<\/p><\/div><\/div><\/div><\/div><\/div><\/section>\t\t\t\t\t\t\t\t<\/div>\n\t\t\t\t<\/div>\n\t\t\t\t\t<\/div>\n\t\t<\/div>\n\t\t\t\t\t<\/div>\n\t\t<\/section>\n\t\t\t\t<section class=\"has_eae_slider elementor-section elementor-top-section elementor-element elementor-element-6eacd896 elementor-section-boxed elementor-section-height-default elementor-section-height-default\" data-id=\"6eacd896\" data-element_type=\"section\">\n\t\t\t\t\t\t<div class=\"elementor-container elementor-column-gap-default\">\n\t\t\t\t\t<div class=\"has_eae_slider elementor-column elementor-col-100 elementor-top-column elementor-element elementor-element-1bc500e3\" data-id=\"1bc500e3\" data-element_type=\"column\">\n\t\t\t<div class=\"elementor-widget-wrap elementor-element-populated\">\n\t\t\t\t\t\t<section class=\"has_eae_slider elementor-section elementor-inner-section elementor-element elementor-element-2485d97e elementor-section-content-middle elementor-section-boxed elementor-section-height-default elementor-section-height-default\" data-id=\"2485d97e\" data-element_type=\"section\" data-settings=\"{&quot;background_background&quot;:&quot;classic&quot;}\">\n\t\t\t\t\t\t<div class=\"elementor-container elementor-column-gap-no\">\n\t\t\t\t\t<div class=\"has_eae_slider elementor-column elementor-col-33 elementor-inner-column elementor-element elementor-element-3d998598\" data-id=\"3d998598\" data-element_type=\"column\">\n\t\t\t<div class=\"elementor-widget-wrap elementor-element-populated\">\n\t\t\t\t\t\t<div class=\"elementor-element elementor-element-59da745b elementor-widget elementor-widget-heading\" data-id=\"59da745b\" data-element_type=\"widget\" data-widget_type=\"heading.default\">\n\t\t\t\t<div class=\"elementor-widget-container\">\n\t\t\t\t\t<h3 class=\"elementor-heading-title elementor-size-default\">\u00a1Comencemos ahora!<\/h3>\t\t\t\t<\/div>\n\t\t\t\t<\/div>\n\t\t\t\t<div class=\"elementor-element elementor-element-498a037c elementor-widget elementor-widget-heading\" data-id=\"498a037c\" data-element_type=\"widget\" data-widget_type=\"heading.default\">\n\t\t\t\t<div class=\"elementor-widget-container\">\n\t\t\t\t\t<p class=\"elementor-heading-title elementor-size-default\">En Qwetrust te guiaremos a mejorar la experiencia de servicio para tus clientes.<\/p>\t\t\t\t<\/div>\n\t\t\t\t<\/div>\n\t\t\t\t\t<\/div>\n\t\t<\/div>\n\t\t\t\t<div class=\"has_eae_slider elementor-column elementor-col-33 elementor-inner-column elementor-element elementor-element-3b3f256e\" data-id=\"3b3f256e\" data-element_type=\"column\">\n\t\t\t<div class=\"elementor-widget-wrap\">\n\t\t\t\t\t\t\t<\/div>\n\t\t<\/div>\n\t\t\t\t<div class=\"has_eae_slider elementor-column elementor-col-33 elementor-inner-column elementor-element elementor-element-7fa151f0\" data-id=\"7fa151f0\" data-element_type=\"column\">\n\t\t\t<div class=\"elementor-widget-wrap elementor-element-populated\">\n\t\t\t\t\t\t<div class=\"elementor-element elementor-element-145f1342 elementor-align-center elementor-widget elementor-widget-button\" data-id=\"145f1342\" data-element_type=\"widget\" data-widget_type=\"button.default\">\n\t\t\t\t<div class=\"elementor-widget-container\">\n\t\t\t\t\t\t\t\t\t<div class=\"elementor-button-wrapper\">\n\t\t\t\t\t<a class=\"elementor-button elementor-button-link elementor-size-sm\" href=\"\/es\/contact\/\">\n\t\t\t\t\t\t<span class=\"elementor-button-content-wrapper\">\n\t\t\t\t\t\t\t\t\t<span class=\"elementor-button-text\">Solicite un Demo<\/span>\n\t\t\t\t\t<\/span>\n\t\t\t\t\t<\/a>\n\t\t\t\t<\/div>\n\t\t\t\t\t\t\t\t<\/div>\n\t\t\t\t<\/div>\n\t\t\t\t\t<\/div>\n\t\t<\/div>\n\t\t\t\t\t<\/div>\n\t\t<\/section>\n\t\t\t\t\t<\/div>\n\t\t<\/div>\n\t\t\t\t\t<\/div>\n\t\t<\/section>\n\t\t\t\t<\/div>","protected":false},"excerpt":{"rendered":"<p>Kiosk System Free your staff from registering your customers with our self-registration kiosks. With Qwetrust your customers will be able to take the appointment for the service they need from their cell phone or from our self-check-in kiosks allowing your employees to use their time for other tasks. Benefits Allows the customer to self-register from [&hellip;]<\/p>","protected":false},"author":1,"featured_media":0,"parent":0,"menu_order":0,"comment_status":"closed","ping_status":"closed","template":"","meta":{"_acf_changed":false,"footnotes":""},"class_list":["post-1724","page","type-page","status-publish","hentry"],"acf":[],"_links":{"self":[{"href":"https:\/\/qwetrust.com\/es\/wp-json\/wp\/v2\/pages\/1724","targetHints":{"allow":["GET"]}}],"collection":[{"href":"https:\/\/qwetrust.com\/es\/wp-json\/wp\/v2\/pages"}],"about":[{"href":"https:\/\/qwetrust.com\/es\/wp-json\/wp\/v2\/types\/page"}],"author":[{"embeddable":true,"href":"https:\/\/qwetrust.com\/es\/wp-json\/wp\/v2\/users\/1"}],"replies":[{"embeddable":true,"href":"https:\/\/qwetrust.com\/es\/wp-json\/wp\/v2\/comments?post=1724"}],"version-history":[{"count":42,"href":"https:\/\/qwetrust.com\/es\/wp-json\/wp\/v2\/pages\/1724\/revisions"}],"predecessor-version":[{"id":3576,"href":"https:\/\/qwetrust.com\/es\/wp-json\/wp\/v2\/pages\/1724\/revisions\/3576"}],"wp:attachment":[{"href":"https:\/\/qwetrust.com\/es\/wp-json\/wp\/v2\/media?parent=1724"}],"curies":[{"name":"wp","href":"https:\/\/api.w.org\/{rel}","templated":true}]}}